{"id":1824,"date":"2023-12-20T16:52:07","date_gmt":"2023-12-20T15:52:07","guid":{"rendered":"http:\/\/lacolinabeach.com\/retningslinjer-for-personvern\/"},"modified":"2024-01-23T15:40:19","modified_gmt":"2024-01-23T14:40:19","slug":"retningslinjer-for-personvern","status":"publish","type":"page","link":"https:\/\/lacolinabeach.com\/no\/retningslinjer-for-personvern\/","title":{"rendered":"Retningslinjer for personvern"},"content":{"rendered":"<p>[et_pb_section fb_built=&raquo;1&#8243; admin_label=&raquo;section&raquo; _builder_version=&raquo;4.16&#8243; global_colors_info=&raquo;{}&raquo;][et_pb_row admin_label=&raquo;rad&raquo; _builder_version=&raquo;4.16&#8243; background_size=&raquo;initial&raquo; background_position=&raquo;top_left&raquo; background_repeat=&raquo;repeat&raquo; width=&raquo;81.4%&raquo; global_colors_info=&raquo;{}&raquo;][et_pb_column type=&raquo;4_4&#8243; _builder_version=&raquo;4.16&#8243; custom_padding=&raquo;|||&raquo; global_colors_info=&raquo;{}&raquo; custom_padding__hover=&raquo;|||&raquo;][et_pb_text _builder_version=&raquo;4.24.0&#8243; _module_preset=&raquo;default&raquo; hover_enabled=&raquo;0&#8243; global_colors_info=&raquo;{}&raquo; sticky_enabled=&raquo;0&#8243;]<\/p>\n<h4 style=\"text-align: center;\"><strong>RETNINGSLINJER FOR PERSONVERN OG DATABESKYTTELSE<\/strong><\/h4>\n<p>&nbsp;<\/p>\n<p>I samsvar med europaparlaments- og r\u00e5dsforordning (EU) 2016\/679 av 27. april 2016 om beskyttelse av fysiske personer i forbindelse med behandling av personopplysninger og om opphevelse av direktiv 95\/46\/EF (heretter kalt GDPR), lov 34\/2002 av 11. juli 2002 om informasjonssamfunnstjenester og elektronisk handel (heretter kalt LSSI-CE) og organisk lov 3\/2018 om beskyttelse av personopplysninger og garanti for digitale rettigheter (heretter kalt LOPDGDD), garanterer LA COLINA DEL ALBIR S. L garanterer beskyttelse og konfidensialitet av personopplysninger av enhver art som v\u00e5re kunder gir oss, i samsvar med bestemmelsene i den generelle forordningen om beskyttelse av personopplysninger.<\/p>\n<p>De oppgitte dataene vil bli behandlet i henhold til vilk\u00e5rene i RGPD, i denne forstand har LA COLINA DEL ALBIR S.L vedtatt de lovp\u00e5lagte beskyttelsesniv\u00e5ene, og har installert alle tekniske tiltak til r\u00e5dighet for \u00e5 forhindre tap, misbruk, endring, uautorisert tilgang fra tredjeparter, eksponert nedenfor. Brukeren b\u00f8r imidlertid v\u00e6re klar over at sikkerhetstiltakene p\u00e5 Internett ikke er ugjennomtrengelige.<\/p>\n<p><span style=\"color: #000000;\"><strong>Behandlingsansvarlig<\/strong><\/span><br \/>Denominasjon: LA COLINA DEL ALBIR S.L.<br \/>MVA NR: B53163804<br \/>Adresse: Calle Pau Casals n\u00ba24 (03581, Alfaz del Pi)<br \/>Telefon: 966 86 56 51<br \/>E-post: lacolinabeach@hotmail.com<\/p>\n<p><span style=\"color: #000000;\"><strong>Form\u00e5l med behandlingen<\/strong><\/span><br \/>Alle opplysninger som oppgis av v\u00e5re kunder og\/eller bes\u00f8kende p\u00e5 nettstedet til LA COLINA DEL ALBIR S.L eller dets ansatte, vil bli inkludert i registeret for behandling av personopplysninger, opprettet og vedlikeholdt under ansvar av LA COLINA DEL ALBIR S.L, som er avgj\u00f8rende for \u00e5 levere tjenestene som brukerne ber om, eller for \u00e5 l\u00f8se tvil eller sp\u00f8rsm\u00e5l fra v\u00e5re bes\u00f8kende. Det er v\u00e5r policy \u00e5 ikke profilere brukere av v\u00e5re tjenester.<\/p>\n<p><span style=\"color: #000000;\"><strong>Behandlingens legitimitet<\/strong><\/span><\/p>\n<ol>\n<li>Kontraktsforhold: Dette er det forholdet som gjelder n\u00e5r du kj\u00f8per et av v\u00e5re produkter eller inng\u00e5r en avtale om en av v\u00e5re tjenester.<\/li>\n<li>Berettiget interesse: For \u00e5 h\u00e5ndtere foresp\u00f8rsler og krav som du sender til oss, og for \u00e5 administrere innkrevingen av skyldige bel\u00f8p.<\/li>\n<li>Samtykke: Hvis du er bruker av nettstedet v\u00e5rt, gir du oss tillatelse til \u00e5 sende deg n\u00f8dvendig kommunikasjon for \u00e5 svare p\u00e5 sp\u00f8rsm\u00e5l eller foresp\u00f8rsler om informasjon ved \u00e5 krysse av i kontaktskjemaet.<\/li>\n<\/ol>\n<p><span style=\"color: #000000;\"><strong>Adressater<\/strong><\/span><br \/>Vi utleverer ikke personopplysningene dine til noen, med unntak av offentlige eller private instanser som vi er forpliktet til \u00e5 utlevere personopplysningene dine til for \u00e5 overholde loven. For eksempel gj\u00f8r skatteloven det obligatorisk \u00e5 gi skattemyndighetene visse opplysninger om \u00f8konomiske transaksjoner som overstiger et visst bel\u00f8p.<\/p>\n<p>Hvis vi, bortsett fra de tilfellene som er nevnt ovenfor, har behov for \u00e5 utlevere personopplysningene dine til andre enheter, vil vi be om din tillatelse p\u00e5 forh\u00e5nd gjennom klare alternativer som gir deg mulighet til \u00e5 ta stilling til dette.<\/p>\n<p><span style=\"color: #000000;\"><strong>Kommunikasjon<\/strong><\/span><br \/>Vi vil ikke overf\u00f8re personopplysningene dine til utlandet for noen av de ovennevnte form\u00e5lene.<\/p>\n<p><span style=\"color: #000000;\"><strong>Bevaring<\/strong><\/span><br \/>Vi vil bare oppbevare personopplysningene dine s\u00e5 lenge det er n\u00f8dvendig for \u00e5 oppn\u00e5 de form\u00e5lene de ble samlet inn for. N\u00e5r vi fastsetter en passende oppbevaringsperiode, tar vi hensyn til risikoen som er involvert i behandlingen, samt v\u00e5re kontraktsmessige, juridiske og regulatoriske forpliktelser, interne retningslinjer for oppbevaring av data og v\u00e5re legitime forretningsinteresser som beskrevet i denne personvernerkl\u00e6ringen og retningslinjene for informasjonskapsler.<\/p>\n<p>I denne forstand vil LA COLINA DEL ALBIR S.L. beholde personopplysningene n\u00e5r forholdet til deg er avsluttet, beh\u00f8rig blokkert, i l\u00f8pet av reseptperioden for handlingene som kan stamme fra forholdet som opprettholdes med den interesserte parten.<\/p>\n<p>N\u00e5r opplysningene dine er blokkert, vil de v\u00e6re utilgjengelige for LA COLINA DEL ALBIR S.L., og vil ikke bli behandlet, bortsett fra for \u00e5 gj\u00f8re dem tilgjengelige for offentlige myndigheter, dommere og domstoler, for \u00e5 ta hensyn til eventuelle forpliktelser som oppst\u00e5r som f\u00f8lge av behandlingen, samt for \u00e5 ut\u00f8ve og forsvare krav overfor det spanske datatilsynet.<\/p>\n<p><span style=\"color: #000000;\"><strong>Sikkerhet<\/strong><\/span><br \/>Vi gj\u00f8r alt vi kan for \u00e5 sikre konfidensialiteten til personopplysningene som behandles i v\u00e5re systemer. Vi opprettholder strenge sikkerhetsniv\u00e5er for \u00e5 beskytte personopplysningene vi behandler, mot utilsiktet tap og mot uautorisert tilgang, behandling eller utlevering, og tar hensyn til den teknologiske utviklingen, opplysningenes art og risikoen de er utsatt for. Vi kan imidlertid ikke holdes ansvarlig for bruken du gj\u00f8r av opplysningene (inkludert brukernavn og passord) du bruker p\u00e5 nettstedet v\u00e5rt. V\u00e5re ansatte f\u00f8lger strenge personvernstandarder, og n\u00e5r vi engasjerer tredjeparter til \u00e5 levere st\u00f8ttetjenester, krever vi at de f\u00f8lger de samme standardene og lar oss kontrollere at de overholder dem.<\/p>\n<p><span style=\"color: #000000;\"><strong>Dine rettigheter<\/strong><\/span><br \/>Vi informerer deg om at du kan ut\u00f8ve f\u00f8lgende rettigheter:<\/p>\n<ol>\n<li>Rett til innsyn i personopplysningene dine, til \u00e5 f\u00e5 vite hvilke personopplysninger som behandles og hvilke behandlinger som utf\u00f8res;<\/li>\n<li>Rett til \u00e5 korrigere eventuelle uriktige personopplysninger;<\/li>\n<li>Rett til sletting av personopplysningene dine der dette er mulig (f.eks. i henhold til lov);<\/li>\n<li>Retten til \u00e5 begrense behandlingen av personopplysningene dine dersom det er tvil om n\u00f8yaktigheten, lovligheten eller n\u00f8dvendigheten av databehandlingen, og i s\u00e5 fall kan vi beholde opplysningene for \u00e5 fremme eller forsvare krav.<\/li>\n<li>Retten til \u00e5 protestere mot behandlingen av personopplysningene dine n\u00e5r det rettslige grunnlaget som gj\u00f8r det mulig for oss \u00e5 behandle slike opplysninger, er v\u00e5r berettigede interesse. LA COLINA DEL ALBIR S.L. vil slutte \u00e5 behandle opplysningene dine med mindre de har en berettiget interesse eller det er n\u00f8dvendig for \u00e5 forsvare krav.<\/li>\n<li>Retten til dataportabilitet, n\u00e5r det rettslige grunnlaget som gj\u00f8r det mulig for oss \u00e5 behandle opplysningene dine, er eksistensen av et kontraktsforhold eller ditt samtykke.<\/li>\n<li>Rett til \u00e5 tilbakekalle samtykket gitt til LA COLINA DEL ALBIR S.L.<\/li>\n<\/ol>\n<p>Du kan n\u00e5r som helst og kostnadsfritt ut\u00f8ve dine rettigheter ved \u00e5 kontakte oss p\u00e5 adressen Calle Pau Casals n\u00ba24 (03581, Alfaz del Pi) og legge ved en kopi av ID-kortet ditt.<\/p>\n<p><span style=\"color: #000000;\"><strong>Beskyttelse av rettigheter<\/strong><\/span><br \/>Hvis du mener at dine rettigheter ikke er blitt respektert av v\u00e5r enhet, kan du sende inn en klage til det spanske datatilsynet p\u00e5 en av f\u00f8lgende m\u00e5ter:<\/p>\n<ul>\n<li>Elektronisk hovedkontor: <a role=\"link\" href=\"https:\/\/web.archive.org\/web\/20230308033135\/https:\/www.aepd.es\/\" target=\"_blank\" rel=\"noopener\">https:\/\/www.aepd.es<\/a><\/li>\n<li>Postadresse: Agencia Espa\u00f1ola de Protecci\u00f3n de Datos, C\/ Jorge Juan, 6, 28001, Madrid.<\/li>\n<li>Telefon: 901.100.099 og 912.663.517<\/li>\n<\/ul>\n<p>Det er kostnadsfritt \u00e5 sende inn en klage til det spanske datatilsynet, og det er ikke n\u00f8dvendig med bistand fra en advokat.<\/p>\n<p><span style=\"color: #000000;\"><strong>Oppdateringer<\/strong><\/span><br \/>LA COLINA DEL ALBIR S.L. forbeholder seg retten til \u00e5 endre disse retningslinjene for \u00e5 tilpasse dem til ny lovgivning eller rettspraksis som kan p\u00e5virke deres overholdelse.<\/p>\n<p>[\/et_pb_text][\/et_pb_column][\/et_pb_row][\/et_pb_section]<\/p>\n","protected":false},"excerpt":{"rendered":"<p>RETNINGSLINJER FOR PERSONVERN OG DATABESKYTTELSE &nbsp; I samsvar med europaparlaments- og r\u00e5dsforordning (EU) 2016\/679 av 27. april 2016 om beskyttelse av fysiske personer i forbindelse med behandling av personopplysninger og om opphevelse av direktiv 95\/46\/EF (heretter kalt GDPR), lov 34\/2002 av 11. juli 2002 om informasjonssamfunnstjenester og elektronisk handel (heretter kalt LSSI-CE) og organisk lov [&hellip;]<\/p>\n","protected":false},"author":1,"featured_media":0,"parent":0,"menu_order":0,"comment_status":"closed","ping_status":"closed","template":"","meta":{"_et_pb_use_builder":"on","_et_pb_old_content":"","_et_gb_content_width":"","footnotes":""},"class_list":["post-1824","page","type-page","status-publish","hentry"],"_links":{"self":[{"href":"https:\/\/lacolinabeach.com\/no\/wp-json\/wp\/v2\/pages\/1824","targetHints":{"allow":["GET"]}}],"collection":[{"href":"https:\/\/lacolinabeach.com\/no\/wp-json\/wp\/v2\/pages"}],"about":[{"href":"https:\/\/lacolinabeach.com\/no\/wp-json\/wp\/v2\/types\/page"}],"author":[{"embeddable":true,"href":"https:\/\/lacolinabeach.com\/no\/wp-json\/wp\/v2\/users\/1"}],"replies":[{"embeddable":true,"href":"https:\/\/lacolinabeach.com\/no\/wp-json\/wp\/v2\/comments?post=1824"}],"version-history":[{"count":0,"href":"https:\/\/lacolinabeach.com\/no\/wp-json\/wp\/v2\/pages\/1824\/revisions"}],"wp:attachment":[{"href":"https:\/\/lacolinabeach.com\/no\/wp-json\/wp\/v2\/media?parent=1824"}],"curies":[{"name":"wp","href":"https:\/\/api.w.org\/{rel}","templated":true}]}}