{"id":1329,"date":"2023-12-20T16:51:05","date_gmt":"2023-12-20T15:51:05","guid":{"rendered":"http:\/\/lacolinabeach.com\/contact-met\/"},"modified":"2026-02-12T11:04:18","modified_gmt":"2026-02-12T10:04:18","slug":"contact-met","status":"publish","type":"page","link":"https:\/\/lacolinabeach.com\/no\/contact-met\/","title":{"rendered":"Kontakt med Apartments in Albir La Colina"},"content":{"rendered":"<p>[et_pb_section fb_built=&raquo;1&#8243; custom_padding_last_edited=&raquo;on|desktop&raquo; next_background_color=&raquo;#ffffff&raquo; admin_label=&raquo;Header&raquo; _builder_version=&raquo;4.23.4&#8243; use_background_color_gradient=&raquo;on&raquo; background_color_gradient_direction=&raquo;86deg&raquo; background_color_gradient_stops=&raquo;#2d79b9 29%|rgba(41,196,169,0) 100%&raquo; background_color_gradient_overlays_image=&raquo;on&raquo; background_image=&raquo;https:\/\/lacolinabeach.com\/wp-content\/uploads\/comedor-06.jpg&raquo; background_position=&raquo;top_center&raquo; custom_padding=&raquo;12%||12%||true|false&raquo; custom_padding_tablet=&raquo;100px||100px||true&raquo; custom_padding_phone=&raquo;60px||60px||true&raquo; bottom_divider_style=&raquo;asymmetric2&#8243; bottom_divider_height=&raquo;37px&raquo; global_colors_info=&raquo;{}&raquo;][et_pb_row column_structure=&raquo;1_2,1_2&#8243; _builder_version=&raquo;4.24.0&#8243; width=&raquo;90%&raquo; max_width=&raquo;90%&raquo; custom_padding=&raquo;27px|0px|27px|0px|false|false&raquo; global_colors_info=&raquo;{}&raquo;][et_pb_column type=&raquo;1_2&#8243; _builder_version=&raquo;4.16&#8243; custom_padding=&raquo;|||&raquo; global_colors_info=&raquo;{}&raquo; custom_padding__hover=&raquo;|||&raquo;][et_pb_text _builder_version=&raquo;4.24.0&#8243; text_font=&raquo;Cairo|600|||||||&raquo; text_font_size=&raquo;20px&raquo; text_line_height=&raquo;1.5em&raquo; header_font=&raquo;|700||on|||||&raquo; header_font_size=&raquo;80px&raquo; header_letter_spacing=&raquo;3px&raquo; header_line_height=&raquo;1.5em&raquo; header_2_font_size=&raquo;60px&raquo; text_orientation=&raquo;center&raquo; background_layout=&raquo;dark&raquo; max_width=&raquo;80%&raquo; max_width_tablet=&raquo;&raquo; max_width_phone=&raquo;&raquo; max_width_last_edited=&raquo;on|phone&raquo; module_alignment=&raquo;center&raquo; custom_margin=&raquo;0px||0px||true&raquo; custom_padding_tablet=&raquo;20px||10px|&raquo; custom_padding_last_edited=&raquo;off|desktop&raquo; animation_style=&raquo;fade&raquo; header_font_size_tablet=&raquo;45px&raquo; header_font_size_phone=&raquo;33px&raquo; header_font_size_last_edited=&raquo;on|tablet&raquo; header_2_font_size_tablet=&raquo;60px&raquo; header_2_font_size_phone=&raquo;55px&raquo; header_2_font_size_last_edited=&raquo;on|phone&raquo; text_text_shadow_style=&raquo;preset3&#8243; header_text_shadow_style=&raquo;preset5&#8243; header_text_shadow_color=&raquo;#000000&#8243; header_2_text_shadow_style=&raquo;preset3&#8243; border_color_all=&raquo;rgba(255,255,255,0.18)&raquo; border_width_right=&raquo;0px&raquo; border_width_left=&raquo;0px&raquo; global_colors_info=&raquo;{}&raquo;]<\/p>\n<h2 style=\"text-align: left;\">KONTAKT<\/h2>\n<h3 style=\"text-align: left;\">For \u00e5 kontakte Apartments in <a href=\"https:\/\/alfas.es\/playa-albir\/\" target=\"_blank\" rel=\"noopener\">El Albir<\/a> La Colina Beach, fyll ut skjemaet eller kontakt oss p\u00e5 telefon eller e-post.<\/h3>\n<h3 style=\"text-align: left;\">Vi vil informere deg om alt som har med v\u00e5re turistleiligheter i El Albir &#8211; Alfaz del P\u00ed &#8211; Alicante \u00e5 gj\u00f8re.<\/h3>\n<p>[\/et_pb_text][\/et_pb_column][et_pb_column type=&raquo;1_2&#8243; _builder_version=&raquo;4.16&#8243; custom_padding=&raquo;|||&raquo; global_colors_info=&raquo;{}&raquo; custom_padding__hover=&raquo;|||&raquo;][et_pb_image src=&raquo;https:\/\/lacolinabeach.com\/wp-content\/uploads\/exterior-apartamentos-la-colina-02.jpg&raquo; alt=&raquo;kontakt med apartamentos la colina&raquo; title_text=&raquo;eksteri\u00f8r-leiligheter-la-colina-02&#8243; _builder_version=&raquo;4.23.4&#8243; _module_preset=&raquo;default&raquo; global_colors_info=&raquo;{}&raquo;][\/et_pb_image][\/et_pb_column][\/et_pb_row][\/et_pb_section][et_pb_section fb_built=&raquo;1&#8243; _builder_version=&raquo;4.23.2&#8243; _module_preset=&raquo;default&raquo; global_colors_info=&raquo;{}&raquo;][et_pb_row column_structure=&raquo;2_5,3_5&#8243; use_custom_gutter=&raquo;on&raquo; make_equal=&raquo;on&raquo; _builder_version=&raquo;4.24.0&#8243; _module_preset=&raquo;default&raquo; max_width=&raquo;80%&raquo; global_colors_info=&raquo;{}&raquo;][et_pb_column type=&raquo;2_5&#8243; _builder_version=&raquo;4.23.2&#8243; _module_preset=&raquo;default&raquo; global_colors_info=&raquo;{}&raquo;][et_pb_text _builder_version=&raquo;4.27.4&#8243; _module_preset=&raquo;default&raquo; header_3_font=&raquo;|700|||||||&raquo; text_orientation_tablet=&raquo;&raquo; text_orientation_phone=&raquo;center&raquo; text_orientation_last_edited=&raquo;on|phone&raquo; global_colors_info=&raquo;{}&raquo;]<\/p>\n<h3>Kontaktskjema<\/h3>\n<p>Be om informasjon fra Apartamentos La Colina<\/p>\n<p>&nbsp;<\/p>\n<p>[\/et_pb_text][dvppl_cf7_styler cf7=&raquo;576&#8243; _builder_version=&raquo;4.24.0&#8243; _module_preset=&raquo;default&raquo; global_colors_info=&raquo;{}&raquo;][\/dvppl_cf7_styler][\/et_pb_column][et_pb_column type=&raquo;3_5&#8243; _builder_version=&raquo;4.23.2&#8243; _module_preset=&raquo;default&raquo; global_colors_info=&raquo;{}&raquo;][et_pb_image src=&raquo;https:\/\/lacolinabeach.com\/wp-content\/uploads\/contactar-con-apartamentos-en-el-albir-la-colina.jpg&raquo; alt=&raquo;kontakt-leiligheter-i-el-albir-la-colina&raquo; title_text=&raquo;kontakt-leiligheter-i-el-albir-la-colina&raquo; align=&raquo;center&raquo; _builder_version=&raquo;4.24.0&#8243; _module_preset=&raquo;default&raquo; global_colors_info=&raquo;{}&raquo;][\/et_pb_image][\/et_pb_column][\/et_pb_row][et_pb_row _builder_version=&raquo;4.23.2&#8243; _module_preset=&raquo;default&raquo; max_width=&raquo;80%&raquo; global_colors_info=&raquo;{}&raquo;][et_pb_column type=&raquo;4_4&#8243; _builder_version=&raquo;4.23.2&#8243; _module_preset=&raquo;default&raquo; global_colors_info=&raquo;{}&raquo;][et_pb_code _builder_version=&raquo;4.27.4&#8243; _module_preset=&raquo;default&raquo; global_colors_info=&raquo;{}&raquo;]<iframe src=\"https:\/\/www.google.com\/maps\/embed?pb=!1m18!1m12!1m3!1d5096.457676270121!2d-0.07216631066662886!3d38.57597591336651!2m3!1f0!2f0!3f0!3m2!1i1024!2i768!4f13.1!3m3!1m2!1s0xd620156c586d575%3A0xed3a3e5abb97b58f!2sAparthotel%20La%20Colina%20Beach!5e0!3m2!1ses!2ses!4v1703583331081!5m2!1ses!2ses\" width=\"1600\" height=\"450\" style=\"border:0;\" allowfullscreen=\"\" loading=\"lazy\" referrerpolicy=\"no-referrer-when-downgrade\" title=\"mapa\"><\/iframe>[\/et_pb_code][\/et_pb_column][\/et_pb_row][\/et_pb_section][et_pb_section fb_built=&raquo;1&#8243; _builder_version=&raquo;4.23.4&#8243; _module_preset=&raquo;default&raquo; global_colors_info=&raquo;{}&raquo;][et_pb_row column_structure=&raquo;1_3,1_3,1_3&#8243; _builder_version=&raquo;4.23.4&#8243; _module_preset=&raquo;default&raquo; global_colors_info=&raquo;{}&raquo;][et_pb_column type=&raquo;1_3&#8243; _builder_version=&raquo;4.23.4&#8243; _module_preset=&raquo;default&raquo; global_colors_info=&raquo;{}&raquo;][et_pb_button button_url=&raquo;@ET-DC@eyJkeW5hbWljIjp0cnVlLCJjb250ZW50IjoicG9zdF9saW5rX3VybF9wYWdlIiwic2V0dGluZ3MiOnsicG9zdF9pZCI6IjE4In19@&raquo; button_text=&raquo;Se typer leiligheter&raquo; button_alignment=&raquo;center&raquo; _builder_version=&raquo;4.23.4&#8243; _dynamic_attributes=&raquo;button_url&raquo; _module_preset=&raquo;default&raquo; button_rel=&raquo;on|off|off|off|off&raquo; global_colors_info=&raquo;{}&raquo; custom_button=&raquo;on&raquo; button_text_color=&raquo;#FFFFFF&raquo; button_bg_color=&raquo;#0c71c3&#8243; button_border_width=&raquo;0px&raquo; button_bg_enable_color=&raquo;on&raquo;][\/et_pb_button][\/et_pb_column][et_pb_column type=&raquo;1_3&#8243; _builder_version=&raquo;4.23.4&#8243; _module_preset=&raquo;default&raquo; global_colors_info=&raquo;{}&raquo;][et_pb_button button_url=&raquo;@ET-DC@eyJkeW5hbWljIjp0cnVlLCJjb250ZW50IjoicG9zdF9saW5rX3VybF9wYWdlIiwic2V0dGluZ3MiOnsicG9zdF9pZCI6IjE0In19@&raquo; button_text=&raquo;Tjenester&raquo; button_alignment=&raquo;center&raquo; _builder_version=&raquo;4.23.4&#8243; _dynamic_attributes=&raquo;button_url&raquo; _module_preset=&raquo;default&raquo; global_colors_info=&raquo;{}&raquo; button_rel=&raquo;on|off|off|off|off&raquo; custom_button=&raquo;on&raquo; button_text_color=&raquo;#FFFFFF&raquo; button_bg_color=&raquo;#0c71c3&#8243; button_border_width=&raquo;0px&raquo; button_bg_enable_color=&raquo;on&raquo;][\/et_pb_button][\/et_pb_column][et_pb_column type=&raquo;1_3&#8243; _builder_version=&raquo;4.23.4&#8243; _module_preset=&raquo;default&raquo; global_colors_info=&raquo;{}&raquo;][et_pb_button button_url=&raquo;tel:+34966865651&#8243; button_text=&raquo;Ring oss p\u00e5&raquo; button_alignment=&raquo;center&raquo; _builder_version=&raquo;4.23.4&#8243; _module_preset=&raquo;default&raquo; global_colors_info=&raquo;{}&raquo; button_rel=&raquo;on|off|off|off|off&raquo; custom_button=&raquo;on&raquo; button_text_color=&raquo;#FFFFFF&raquo; button_bg_color=&raquo;#0c71c3&#8243; button_border_width=&raquo;0px&raquo; button_bg_enable_color=&raquo;on&raquo;][\/et_pb_button][\/et_pb_column][\/et_pb_row][\/et_pb_section]<\/p>\n","protected":false},"excerpt":{"rendered":"<p>KONTAKT For \u00e5 kontakte Apartments in El Albir La Colina Beach, fyll ut skjemaet eller kontakt oss p\u00e5 telefon eller e-post. Vi vil informere deg om alt som har med v\u00e5re turistleiligheter i El Albir &#8211; Alfaz del P\u00ed &#8211; Alicante \u00e5 gj\u00f8re.Kontaktskjema Be om informasjon fra Apartamentos La Colina &nbsp;<div class=\"et_pb_module dvppl_cf7_styler dvppl_cf7_styler_0\">\n\t\t\t\t\n\t\t\t\t\n\t\t\t\t\n\t\t\t\t\n\t\t\t\t\n\t\t\t\t\n\t\t\t\t<div class=\"et_pb_module_inner\">\n\t\t\t\t\t<div class=\"dipe-cf7-container dipe-cf7-button-left\">\n\t\t\t\t\n\t\t\t\t<div class=\"dipe-cf7 dipe-cf7-styler \">\n\t\t\t\t\t\n<div class=\"wpcf7 no-js\" id=\"wpcf7-f576-o1\" lang=\"es-ES\" dir=\"ltr\" data-wpcf7-id=\"576\">\n<div class=\"screen-reader-response\"><p role=\"status\" aria-live=\"polite\" aria-atomic=\"true\"><\/p> <ul><\/ul><\/div>\n<form action=\"\/no\/wp-json\/wp\/v2\/pages\/1329#wpcf7-f576-o1\" method=\"post\" class=\"wpcf7-form init\" aria-label=\"Formulario de contacto\" novalidate=\"novalidate\" data-status=\"init\">\n<fieldset class=\"hidden-fields-container\"><input type=\"hidden\" name=\"_wpcf7\" value=\"576\" \/><input type=\"hidden\" name=\"_wpcf7_version\" value=\"6.1.5\" \/><input type=\"hidden\" name=\"_wpcf7_locale\" value=\"es_ES\" \/><input type=\"hidden\" name=\"_wpcf7_unit_tag\" value=\"wpcf7-f576-o1\" \/><input type=\"hidden\" name=\"_wpcf7_container_post\" value=\"0\" \/><input type=\"hidden\" name=\"_wpcf7_posted_data_hash\" value=\"\" \/>\n<\/fieldset>\n<div class=\"wpcf7-turnstile cf-turnstile\" data-sitekey=\"0x4AAAAAADJhxRFTxlJSQvID\" data-response-field-name=\"_wpcf7_turnstile_response\"><\/div>\n\n<label for=\"nombre\">Nombre*<\/label>\n<span class=\"wpcf7-form-control-wrap\" data-name=\"nombre\"><input size=\"30\" maxlength=\"400\" class=\"wpcf7-form-control wpcf7-text wpcf7-validates-as-required\" id=\"nombre\" aria-required=\"true\" aria-invalid=\"false\" value=\"\" type=\"text\" name=\"nombre\" \/><\/span>\n<label for=\"apellidos\">Apellidos<\/label>\n<span class=\"wpcf7-form-control-wrap\" data-name=\"apellidos\"><input size=\"30\" maxlength=\"400\" class=\"wpcf7-form-control wpcf7-text\" id=\"apellidos\" aria-invalid=\"false\" value=\"\" type=\"text\" name=\"apellidos\" \/><\/span>\n<label for=\"email\">Email*<\/label>\n<span class=\"wpcf7-form-control-wrap\" data-name=\"email\"><input size=\"30\" maxlength=\"400\" class=\"wpcf7-form-control wpcf7-email wpcf7-validates-as-required wpcf7-text wpcf7-validates-as-email\" id=\"email\" aria-required=\"true\" aria-invalid=\"false\" value=\"\" type=\"email\" name=\"email\" \/><\/span>\n<label for=\"telefono\">Tel\u00e9fono*<\/label>\n<span class=\"wpcf7-form-control-wrap\" data-name=\"telefono\"><input size=\"30\" maxlength=\"400\" class=\"wpcf7-form-control wpcf7-text wpcf7-validates-as-required\" id=\"telefono\" aria-required=\"true\" aria-invalid=\"false\" value=\"\" type=\"text\" name=\"telefono\" \/><\/span>\n<label for=\"poblacion\">Poblaci\u00f3n<\/label>\n<span class=\"wpcf7-form-control-wrap\" data-name=\"poblacion\"><input size=\"30\" maxlength=\"400\" class=\"wpcf7-form-control wpcf7-text\" id=\"poblacion\" aria-invalid=\"false\" value=\"\" type=\"text\" name=\"poblacion\" \/><\/span>\n<label for=\"provincia\">Provincia<\/label>\n<span class=\"wpcf7-form-control-wrap\" data-name=\"provincia\"><input size=\"30\" maxlength=\"400\" class=\"wpcf7-form-control wpcf7-text\" id=\"provincia\" aria-invalid=\"false\" value=\"\" type=\"text\" name=\"provincia\" \/><\/span>\n<label for=\"asunto\">Asunto*<\/label>\n<span class=\"wpcf7-form-control-wrap\" data-name=\"asunto\"><input size=\"30\" maxlength=\"400\" class=\"wpcf7-form-control wpcf7-text wpcf7-validates-as-required\" id=\"asunto\" aria-required=\"true\" aria-invalid=\"false\" value=\"\" type=\"text\" name=\"asunto\" \/><\/span>\n<label for=\"consulta\">Consulta<\/label>\n<span class=\"wpcf7-form-control-wrap\" data-name=\"consulta\"><textarea cols=\"40\" rows=\"10\" maxlength=\"2000\" class=\"wpcf7-form-control wpcf7-textarea\" id=\"consulta\" aria-invalid=\"false\" name=\"consulta\"><\/textarea><\/span>\n* Campos Obligatorios\n<span class=\"wpcf7-form-control-wrap\" data-name=\"aceptacion-privacidad\"><span class=\"wpcf7-form-control wpcf7-acceptance\"><span class=\"wpcf7-list-item\"><label><input type=\"checkbox\" name=\"aceptacion-privacidad\" value=\"1\" aria-invalid=\"false\" \/><span class=\"wpcf7-list-item-label\">Acepto los terminos de <a href=\"https:\/\/lacolinabeach.com\/politica-de-privacidad\/\" target=\"_blank\">Politica de Privacidad<\/a><\/span><\/label><\/span><\/span><\/span>\n\nEs Necesario Aceptar los <a href=\"https:\/\/lacolinabeach.com\/politica-de-privacidad\/\" target=\"_blank\">Terminos de Pol\u00edtica de Privacidad <\/a>para enviar la solicitud.\n\n<p><input class=\"wpcf7-form-control wpcf7-submit has-spinner\" type=\"submit\" value=\"Enviar\" \/><\/p><div class=\"wpcf7-response-output\" aria-hidden=\"true\"><\/div>\n<\/form>\n<\/div>\n\n\t\t\t\t<\/div>\n\t\t\t<\/div>\n\t\t\t\t<\/div>\n\t\t\t<\/div><\/p>\n","protected":false},"author":1,"featured_media":0,"parent":0,"menu_order":0,"comment_status":"closed","ping_status":"closed","template":"","meta":{"_et_pb_use_builder":"on","_et_pb_old_content":"","_et_gb_content_width":"","footnotes":""},"class_list":["post-1329","page","type-page","status-publish","hentry"],"_links":{"self":[{"href":"https:\/\/lacolinabeach.com\/no\/wp-json\/wp\/v2\/pages\/1329","targetHints":{"allow":["GET"]}}],"collection":[{"href":"https:\/\/lacolinabeach.com\/no\/wp-json\/wp\/v2\/pages"}],"about":[{"href":"https:\/\/lacolinabeach.com\/no\/wp-json\/wp\/v2\/types\/page"}],"author":[{"embeddable":true,"href":"https:\/\/lacolinabeach.com\/no\/wp-json\/wp\/v2\/users\/1"}],"replies":[{"embeddable":true,"href":"https:\/\/lacolinabeach.com\/no\/wp-json\/wp\/v2\/comments?post=1329"}],"version-history":[{"count":2,"href":"https:\/\/lacolinabeach.com\/no\/wp-json\/wp\/v2\/pages\/1329\/revisions"}],"predecessor-version":[{"id":2336,"href":"https:\/\/lacolinabeach.com\/no\/wp-json\/wp\/v2\/pages\/1329\/revisions\/2336"}],"wp:attachment":[{"href":"https:\/\/lacolinabeach.com\/no\/wp-json\/wp\/v2\/media?parent=1329"}],"curies":[{"name":"wp","href":"https:\/\/api.w.org\/{rel}","templated":true}]}}